{"id":7,"date":"2020-02-28T15:15:19","date_gmt":"2020-02-28T15:15:19","guid":{"rendered":"http:\/\/negrin.com\/francisco\/new\/?page_id=7"},"modified":"2026-03-11T09:10:46","modified_gmt":"2026-03-11T09:10:46","slug":"about-francisco-negrin","status":"publish","type":"page","link":"https:\/\/negrin.com\/francisco\/about-francisco-negrin\/","title":{"rendered":"About Francisco"},"content":{"rendered":"\n<div class=\"wp-block-columns is-layout-flex wp-container-core-columns-is-layout-1 wp-block-columns-is-layout-flex\">\n<div class=\"wp-block-column is-layout-flow wp-block-column-is-layout-flow\">\n<p>Francisco Negrin is a&nbsp;multi-faceted creative&nbsp;director mostly working in opera&nbsp;but also in a wide range of events such as&nbsp;pop concerts, museum openings &nbsp;(Abu Dhabi National History Museum and Dubai Etihad Museum) , fashion &nbsp;(Louis Vuitton at Paris Fashion Week) , three major&nbsp;ice&nbsp;shows&nbsp;and even a 1-kilometer-wide&nbsp;spectacular&nbsp;for&nbsp;the Dubai World Cup in 2017. He has also conceived and directed stadium shows like the opening ceremony of the Panamerican Games in Lima and&nbsp;one of the largest ever&nbsp;performed:&nbsp;the opening of the 2017&nbsp;Asian Martial Arts games,&nbsp;with 6000 performers. He directed the 49th , 50th, 51st and 52nd UAE Eid Al Etihad shows.<\/p>\n\n\n\n<p>He has directed over 70 critically&nbsp;acclaimed productions in the leading opera houses around the globe, many of which&nbsp;have been televised and released on DVD. The Royal Opera House in London, Chicago&nbsp;Lyric Opera, the Liceu in Barcelona,&nbsp;the Royal Danish Opera,&nbsp;Sydney Opera House, New York City Opera,&nbsp;L.A. Opera, Monte Carlo Opera, the Teatro Real in Madrid,&nbsp;the&nbsp;Dutch National Opera in Amsterdam, San Francisco Opera or the Th\u00e9\u00e2tre des Champs Elys\u00e9es in Paris are&nbsp;only a few of the major companies where Francisco Negrin\u2019s work has been presented.<\/p>\n\n\n\n<p>His work is distinguished by faithfulness to the&nbsp;culture or piece he is presenting,&nbsp;refracted through a&nbsp;thoroughly modern but elegant sensibility that&nbsp;adapts to&nbsp;the matter at hand&nbsp;rather than impose on it, and a strongly visual and kinetic approach often&nbsp;described by the press as \u201ccinematic\u201d. He is admired by&nbsp;his collaborators&nbsp;as a director who deeply understands the&nbsp;material and truly&nbsp;collaborates to achieve better dramaturgy. His&nbsp;always thoughtful but accessible&nbsp;work has especially&nbsp;had an impact on changing audiences\u2019&nbsp;perception of \u201cdifficult\u201d or unknown pieces&nbsp;or subjects.<\/p>\n\n\n\n<p>Francisco has a special liking for directing site-specific events and using dance, technology and mixed&nbsp;media, in truly telling ways.&nbsp;He&nbsp;has won several awards for his work&nbsp;and been&nbsp;nominated for two Laurence Olivier awards.<\/p>\n\n\n\n<p><\/p>\n<\/div>\n\n\n\n<div class=\"wp-block-column is-layout-flow wp-block-column-is-layout-flow\">\n<figure class=\"wp-block-image size-large\"><img loading=\"lazy\" decoding=\"async\" width=\"440\" height=\"660\" src=\"http:\/\/negrin.com\/francisco\/new\/wp-content\/uploads\/Francisco-Negrin.jpg\" alt=\"\" class=\"wp-image-202\" srcset=\"https:\/\/negrin.com\/francisco\/wp-content\/uploads\/Francisco-Negrin.jpg 440w, https:\/\/negrin.com\/francisco\/wp-content\/uploads\/Francisco-Negrin-200x300.jpg 200w, https:\/\/negrin.com\/francisco\/wp-content\/uploads\/Francisco-Negrin-100x150.jpg 100w\" sizes=\"(max-width: 440px) 100vw, 440px\" \/><\/figure>\n<\/div>\n<\/div>\n\n\n\n<p><\/p>\n","protected":false},"excerpt":{"rendered":"<p>Francisco Negrin is a&nbsp;multi-faceted creative&nbsp;director mostly working in opera&nbsp;but also in a wide range of events such as&nbsp;pop concerts, museum openings &nbsp;(Abu Dhabi National History Museum and Dubai Etihad Museum) , fashion &nbsp;(Louis Vuitton at Paris Fashion Week) , three major&nbsp;ice&nbsp;shows&nbsp;and even a 1-kilometer-wide&nbsp;spectacular&nbsp;for&nbsp;the Dubai World Cup in 2017. He has also conceived and directed [&hellip;]<\/p>\n","protected":false},"author":1,"featured_media":0,"parent":0,"menu_order":0,"comment_status":"closed","ping_status":"closed","template":"templates\/template-full-width.php","meta":{"_uag_custom_page_level_css":"","footnotes":""},"class_list":["post-7","page","type-page","status-publish","hentry"],"jetpack_sharing_enabled":true,"uagb_featured_image_src":{"full":false,"thumbnail":false,"medium":false,"medium_large":false,"large":false,"1536x1536":false,"2048x2048":false,"post-thumbnail":false,"twentytwenty-fullscreen":false,"form-edit-image-preview":false,"jetpack-portfolio-admin-thumb":false},"uagb_author_info":{"display_name":"negrin5","author_link":"https:\/\/negrin.com\/francisco\/author\/negrin5\/"},"uagb_comment_info":0,"uagb_excerpt":"Francisco Negrin is a&nbsp;multi-faceted creative&nbsp;director mostly working in opera&nbsp;but also in a wide range of events such as&nbsp;pop concerts, museum openings &nbsp;(Abu Dhabi National History Museum and Dubai Etihad Museum) , fashion &nbsp;(Louis Vuitton at Paris Fashion Week) , three major&nbsp;ice&nbsp;shows&nbsp;and even a 1-kilometer-wide&nbsp;spectacular&nbsp;for&nbsp;the Dubai World Cup in 2017. He has also conceived and directed&hellip;","_links":{"self":[{"href":"https:\/\/negrin.com\/francisco\/wp-json\/wp\/v2\/pages\/7"}],"collection":[{"href":"https:\/\/negrin.com\/francisco\/wp-json\/wp\/v2\/pages"}],"about":[{"href":"https:\/\/negrin.com\/francisco\/wp-json\/wp\/v2\/types\/page"}],"author":[{"embeddable":true,"href":"https:\/\/negrin.com\/francisco\/wp-json\/wp\/v2\/users\/1"}],"replies":[{"embeddable":true,"href":"https:\/\/negrin.com\/francisco\/wp-json\/wp\/v2\/comments?post=7"}],"version-history":[{"count":23,"href":"https:\/\/negrin.com\/francisco\/wp-json\/wp\/v2\/pages\/7\/revisions"}],"predecessor-version":[{"id":2237,"href":"https:\/\/negrin.com\/francisco\/wp-json\/wp\/v2\/pages\/7\/revisions\/2237"}],"wp:attachment":[{"href":"https:\/\/negrin.com\/francisco\/wp-json\/wp\/v2\/media?parent=7"}],"curies":[{"name":"wp","href":"https:\/\/api.w.org\/{rel}","templated":true}]}}